{"id":56,"date":"2020-07-04T12:49:44","date_gmt":"2020-07-04T10:49:44","guid":{"rendered":"http:\/\/solipattounes.fr\/?page_id=56"},"modified":"2025-08-28T22:46:56","modified_gmt":"2025-08-28T20:46:56","slug":"devenir-famille-daccueil","status":"publish","type":"page","link":"https:\/\/solipattounes.fr\/index.php\/accueil-association-solipattounes-rhone-alpes\/nous-aider\/devenir-famille-daccueil\/","title":{"rendered":"C&rsquo;est quoi \u00eatre une famille d&rsquo;accueil ?"},"content":{"rendered":"\n<p style=\"padding-top:var(--wp--preset--spacing--50);padding-bottom:var(--wp--preset--spacing--50)\">Un chien, un chat, un chiot ou un chaton attend peut-\u00eatre, \u00e0 cet instant, que quelqu\u2019un lui tende la main. En devenant famille d\u2019accueil, vous devenez ce premier rep\u00e8re rassurant, ce cocon o\u00f9 il pourra souffler apr\u00e8s l\u2019abandon, retrouver confiance et attendre sereinement sa future famille pour la vie.<\/p>\n\n\n\n<div class=\"wp-block-cover alignfull is-light\" style=\"min-height:372px;aspect-ratio:unset;\"><img loading=\"lazy\" decoding=\"async\" width=\"800\" height=\"600\" class=\"wp-block-cover__image-background wp-image-3074 size-full\" alt=\"\" src=\"https:\/\/solipattounes.fr\/wp-content\/uploads\/2025\/08\/CA-SUFFIT-1.jpg\" data-object-fit=\"cover\" srcset=\"https:\/\/solipattounes.fr\/wp-content\/uploads\/2025\/08\/CA-SUFFIT-1.jpg 800w, https:\/\/solipattounes.fr\/wp-content\/uploads\/2025\/08\/CA-SUFFIT-1-300x225.jpg 300w, https:\/\/solipattounes.fr\/wp-content\/uploads\/2025\/08\/CA-SUFFIT-1-768x576.jpg 768w\" sizes=\"auto, (max-width: 800px) 100vw, 800px\" \/><span aria-hidden=\"true\" class=\"wp-block-cover__background has-background-dim\" style=\"background-color:#938c86\"><\/span><div class=\"wp-block-cover__inner-container is-layout-constrained wp-block-cover-is-layout-constrained\">\n<p class=\"has-text-align-center has-large-font-size\"><\/p>\n<\/div><\/div>\n\n\n\n<div class=\"wp-block-group alignfull has-ti-fg-color has-ti-bg-alt-background-color has-text-color has-background has-link-color wp-elements-d99a67660a57a430741b6dc5f531ecaa is-layout-constrained wp-container-core-group-is-layout-2037270e wp-block-group-is-layout-constrained\" style=\"margin-top:0;margin-bottom:0;padding-top:var(--wp--preset--spacing--80);padding-right:var(--wp--preset--spacing--40);padding-bottom:var(--wp--preset--spacing--80);padding-left:var(--wp--preset--spacing--40)\">\n<div class=\"wp-block-columns alignwide is-layout-flex wp-container-core-columns-is-layout-28f84493 wp-block-columns-is-layout-flex\">\n<div class=\"wp-block-column is-layout-flow wp-block-column-is-layout-flow\" style=\"flex-basis:66.66%\">\n<h2 class=\"wp-block-heading has-text-align-left\">Et ca implique quoi ?<\/h2>\n<\/div>\n\n\n\n<div class=\"wp-block-column is-layout-flow wp-block-column-is-layout-flow\" style=\"flex-basis:33.33%\"><\/div>\n<\/div>\n\n\n\n<div class=\"wp-block-columns alignwide is-layout-flex wp-container-core-columns-is-layout-47c06fe3 wp-block-columns-is-layout-flex\">\n<div class=\"wp-block-column has-ti-bg-background-color has-background is-layout-flow wp-block-column-is-layout-flow\" style=\"border-bottom-color:var(--wp--preset--color--custom-color-3);border-bottom-width:16px;padding-top:var(--wp--preset--spacing--50);padding-right:var(--wp--preset--spacing--40);padding-bottom:var(--wp--preset--spacing--50);padding-left:var(--wp--preset--spacing--40)\">\n<p class=\"has-normal-font-size\">Votre r\u00f4le est simple et pr\u00e9cieux \u00e0 la fois : prendre soin de lui comme s\u2019il \u00e9tait le v\u00f4tre, partager ses jeux, ses c\u00e2lins, parfois ses petites b\u00eatises, et l\u2019accompagner chez nos v\u00e9t\u00e9rinaires partenaires pour qu\u2019il soit parfaitement en r\u00e8gle (vaccins, identification, st\u00e9rilisation). Ensemble, nous choisissons ensuite la famille adoptante qui lui correspondra le mieux.<br><\/p>\n<\/div>\n\n\n\n<div class=\"wp-block-column has-ti-bg-background-color has-background is-layout-flow wp-block-column-is-layout-flow\" style=\"border-bottom-color:var(--wp--preset--color--custom-color-3);border-bottom-width:16px;padding-top:var(--wp--preset--spacing--50);padding-right:var(--wp--preset--spacing--40);padding-bottom:var(--wp--preset--spacing--50);padding-left:var(--wp--preset--spacing--40)\">\n<p class=\"has-normal-font-size\">L\u2019association prend en charge tous les frais v\u00e9t\u00e9rinaires. Nous fournissons aussi nourriture et accessoires quand nous en avons en stock. Quand ce n\u2019est pas possible, la famille d\u2019accueil prend le relais pour les croquettes, la liti\u00e8re ou le lait. Et bien s\u00fbr, si une alimentation sp\u00e9cifique est n\u00e9cessaire pour raison de sant\u00e9, c\u2019est toujours nous qui l\u2019assumons.<\/p>\n<\/div>\n\n\n\n<div class=\"wp-block-column has-ti-bg-background-color has-background is-layout-flow wp-block-column-is-layout-flow\" style=\"border-bottom-color:var(--wp--preset--color--custom-color-3);border-bottom-width:16px;padding-top:var(--wp--preset--spacing--50);padding-right:var(--wp--preset--spacing--40);padding-bottom:var(--wp--preset--spacing--50);padding-left:var(--wp--preset--spacing--40)\">\n<p class=\"has-normal-font-size\">Il y a n\u00e9anmoins quelques conditions pour se lancer : \u00eatre v\u00e9hicul\u00e9, car il faut parfois amener l\u2019animal en urgence chez le v\u00e9t\u00e9rinaire, et disposer d\u2019une pi\u00e8ce de quarantaine si vous avez d\u00e9j\u00e0 d\u2019autres animaux. Cette \u00e9tape est essentielle, car beaucoup arrivent non vaccin\u00e9s et ont besoin de 15 jours de s\u00e9curit\u00e9 avant de rencontrer vos compagnons. Enfin, il est important d\u2019habiter \u00e0 moins de 25 minutes de nos v\u00e9t\u00e9rinaires partenaires (Bourgoin-Jallieu, Vienne, P\u00e9age-de-Roussillon ou Saint-Genis-Laval), pour limiter les trajets.<\/p>\n<\/div>\n<\/div>\n<\/div>\n\n\n\n<div class=\"wp-block-group alignfull has-ti-fg-color has-ti-bg-background-color has-text-color has-background has-link-color wp-elements-7b80f8f9e385babd77dcd39ef07bd27e is-layout-constrained wp-container-core-group-is-layout-8c830241 wp-block-group-is-layout-constrained\" style=\"margin-top:0;margin-bottom:0;padding-top:var(--wp--preset--spacing--80);padding-right:var(--wp--preset--spacing--40);padding-bottom:var(--wp--preset--spacing--80);padding-left:var(--wp--preset--spacing--40)\">\n<h2 class=\"wp-block-heading has-text-align-center has-custom-color-4-color has-text-color has-link-color has-normal-font-size wp-elements-100cfd64f9f6317ce52d64c51d1c2f1a\">Chaque accueil est une aventure diff\u00e9rente. Un chaton de quelques jours demandera une pr\u00e9sence constante et des biberons toutes les trois heures, tandis qu\u2019un animal plus grand saura vite trouver sa place dans votre rythme de vie, m\u00eame si vous travaillez. Dans tous les cas, vous n\u2019\u00eates jamais seuls : nous vous accompagnons pas \u00e0 pas, du premier c\u00e2lin au dernier au revoir, le c\u0153ur serr\u00e9 mais heureux de savoir qu\u2019il part vers une nouvelle vie.<br><\/h2>\n\n\n\n<div class=\"wp-block-columns is-layout-flex wp-container-core-columns-is-layout-7ee84d44 wp-block-columns-is-layout-flex\">\n<div class=\"wp-block-column is-layout-flow wp-block-column-is-layout-flow\" style=\"border-left-color:var(--wp--preset--color--custom-color-3);border-left-width:16px;padding-left:var(--wp--preset--spacing--50)\">\n<p class=\"has-normal-font-size\">\u00catre famille d\u2019accueil, c\u2019est un engagement. Quand vous acceptez un animal, il faut pr\u00e9voir de le garder jusqu\u2019\u00e0 son adoption, car il est difficile pour nous de les replacer. Mais avant l\u2019accueil, vous \u00eates toujours libres de dire non si ce n\u2019est pas le bon moment. Beaucoup de familles font une seule prise en charge par an, d\u2019autres encha\u00eenent plusieurs accueils\u2026 chacun avance \u00e0 son rythme.<br><\/p>\n<\/div>\n\n\n\n<div class=\"wp-block-column is-layout-flow wp-block-column-is-layout-flow\" style=\"border-left-color:var(--wp--preset--color--custom-color-3);border-left-width:16px;padding-left:var(--wp--preset--spacing--50)\">\n<p class=\"has-normal-font-size\">Alors si vous avez un peu de temps, de place dans votre maison et surtout beaucoup d\u2019amour \u00e0 offrir, pourquoi ne pas tenter l\u2019aventure ? Remplissez le formulaire famille d\u2019accueil, et ensemble, changeons la vie de ces petits c\u0153urs en attente.<\/p>\n<\/div>\n<\/div>\n\n\n\n<div class=\"wp-block-group has-custom-color-4-background-color has-background is-content-justification-space-between is-layout-flex wp-container-core-group-is-layout-5f8ea3a1 wp-block-group-is-layout-flex\" style=\"border-radius:15px;padding-top:var(--wp--preset--spacing--60);padding-right:var(--wp--preset--spacing--50);padding-bottom:var(--wp--preset--spacing--60);padding-left:var(--wp--preset--spacing--50)\">\n<p class=\"has-ti-bg-color has-text-color has-link-color has-large-font-size wp-elements-256520e84158d46389ccbd16cfe67f97\">Pour nous envoyer un formulaire c&rsquo;est par ici <\/p>\n\n\n\n<div class=\"wp-block-buttons is-layout-flex wp-block-buttons-is-layout-flex\">\n<div class=\"wp-block-button is-style-outline is-style-outline--1\"><a class=\"wp-block-button__link has-custom-color-3-color has-ti-bg-background-color has-text-color has-background has-link-color wp-element-button\" href=\"https:\/\/solipattounes.fr\/index.php\/formulaire-famille-daccueil-en-ligne\/\" style=\"border-style:none;border-width:0px;padding-top:var(--wp--preset--spacing--30);padding-right:var(--wp--preset--spacing--50);padding-bottom:var(--wp--preset--spacing--30);padding-left:var(--wp--preset--spacing--50)\">Formulaire Famille d&rsquo;Accueil<\/a><\/div>\n<\/div>\n<\/div>\n<\/div>\n\n\n\n<p><\/p>\n","protected":false},"excerpt":{"rendered":"<p>Un chien, un chat, un chiot ou un chaton attend peut-\u00eatre, \u00e0 cet instant, que quelqu\u2019un lui tende la main. En devenant famille d\u2019accueil, vous devenez ce premier rep\u00e8re rassurant, ce cocon o\u00f9 il pourra souffler apr\u00e8s l\u2019abandon, retrouver confiance et attendre sereinement sa future famille pour la vie. Et ca implique quoi ? Votre [&hellip;]<\/p>\n","protected":false},"author":1,"featured_media":0,"parent":130,"menu_order":0,"comment_status":"closed","ping_status":"closed","template":"","meta":{"footnotes":""},"class_list":["post-56","page","type-page","status-publish","hentry"],"yoast_head":"<!-- This site is optimized with the Yoast SEO plugin v25.8 - https:\/\/yoast.com\/wordpress\/plugins\/seo\/ -->\n<title>C&#039;est quoi \u00eatre une famille d&#039;accueil ? - Association Soli&#039;pattounes<\/title>\n<meta name=\"robots\" content=\"index, follow, max-snippet:-1, max-image-preview:large, max-video-preview:-1\" \/>\n<link rel=\"canonical\" href=\"https:\/\/solipattounes.fr\/index.php\/accueil-association-solipattounes-rhone-alpes\/nous-aider\/devenir-famille-daccueil\/\" \/>\n<meta property=\"og:locale\" content=\"fr_FR\" \/>\n<meta property=\"og:type\" content=\"article\" \/>\n<meta property=\"og:title\" content=\"C&#039;est quoi \u00eatre une famille d&#039;accueil ? - Association Soli&#039;pattounes\" \/>\n<meta property=\"og:description\" content=\"Un chien, un chat, un chiot ou un chaton attend peut-\u00eatre, \u00e0 cet instant, que quelqu\u2019un lui tende la main. En devenant famille d\u2019accueil, vous devenez ce premier rep\u00e8re rassurant, ce cocon o\u00f9 il pourra souffler apr\u00e8s l\u2019abandon, retrouver confiance et attendre sereinement sa future famille pour la vie. Et ca implique quoi ? Votre [&hellip;]\" \/>\n<meta property=\"og:url\" content=\"https:\/\/solipattounes.fr\/index.php\/accueil-association-solipattounes-rhone-alpes\/nous-aider\/devenir-famille-daccueil\/\" \/>\n<meta property=\"og:site_name\" content=\"Association Soli&#039;pattounes\" \/>\n<meta property=\"article:publisher\" content=\"https:\/\/www.facebook.com\/Association-Solipattounes-110164150557024\" \/>\n<meta property=\"article:modified_time\" content=\"2025-08-28T20:46:56+00:00\" \/>\n<meta property=\"og:image\" content=\"https:\/\/solipattounes.fr\/wp-content\/uploads\/2025\/08\/CA-SUFFIT-1.jpg\" \/>\n\t<meta property=\"og:image:width\" content=\"800\" \/>\n\t<meta property=\"og:image:height\" content=\"600\" \/>\n\t<meta property=\"og:image:type\" content=\"image\/jpeg\" \/>\n<meta name=\"twitter:card\" content=\"summary_large_image\" \/>\n<meta name=\"twitter:label1\" content=\"Dur\u00e9e de lecture estim\u00e9e\" \/>\n\t<meta name=\"twitter:data1\" content=\"3 minutes\" \/>\n<script type=\"application\/ld+json\" class=\"yoast-schema-graph\">{\"@context\":\"https:\/\/schema.org\",\"@graph\":[{\"@type\":\"WebPage\",\"@id\":\"https:\/\/solipattounes.fr\/index.php\/accueil-association-solipattounes-rhone-alpes\/nous-aider\/devenir-famille-daccueil\/\",\"url\":\"https:\/\/solipattounes.fr\/index.php\/accueil-association-solipattounes-rhone-alpes\/nous-aider\/devenir-famille-daccueil\/\",\"name\":\"C'est quoi \u00eatre une famille d'accueil ? - Association Soli&#039;pattounes\",\"isPartOf\":{\"@id\":\"https:\/\/solipattounes.fr\/#website\"},\"primaryImageOfPage\":{\"@id\":\"https:\/\/solipattounes.fr\/index.php\/accueil-association-solipattounes-rhone-alpes\/nous-aider\/devenir-famille-daccueil\/#primaryimage\"},\"image\":{\"@id\":\"https:\/\/solipattounes.fr\/index.php\/accueil-association-solipattounes-rhone-alpes\/nous-aider\/devenir-famille-daccueil\/#primaryimage\"},\"thumbnailUrl\":\"https:\/\/solipattounes.fr\/wp-content\/uploads\/2025\/08\/CA-SUFFIT-1.jpg\",\"datePublished\":\"2020-07-04T10:49:44+00:00\",\"dateModified\":\"2025-08-28T20:46:56+00:00\",\"breadcrumb\":{\"@id\":\"https:\/\/solipattounes.fr\/index.php\/accueil-association-solipattounes-rhone-alpes\/nous-aider\/devenir-famille-daccueil\/#breadcrumb\"},\"inLanguage\":\"fr-FR\",\"potentialAction\":[{\"@type\":\"ReadAction\",\"target\":[\"https:\/\/solipattounes.fr\/index.php\/accueil-association-solipattounes-rhone-alpes\/nous-aider\/devenir-famille-daccueil\/\"]}]},{\"@type\":\"ImageObject\",\"inLanguage\":\"fr-FR\",\"@id\":\"https:\/\/solipattounes.fr\/index.php\/accueil-association-solipattounes-rhone-alpes\/nous-aider\/devenir-famille-daccueil\/#primaryimage\",\"url\":\"https:\/\/solipattounes.fr\/wp-content\/uploads\/2025\/08\/CA-SUFFIT-1.jpg\",\"contentUrl\":\"https:\/\/solipattounes.fr\/wp-content\/uploads\/2025\/08\/CA-SUFFIT-1.jpg\",\"width\":800,\"height\":600},{\"@type\":\"BreadcrumbList\",\"@id\":\"https:\/\/solipattounes.fr\/index.php\/accueil-association-solipattounes-rhone-alpes\/nous-aider\/devenir-famille-daccueil\/#breadcrumb\",\"itemListElement\":[{\"@type\":\"ListItem\",\"position\":1,\"name\":\"Accueil\",\"item\":\"https:\/\/solipattounes.fr\/\"},{\"@type\":\"ListItem\",\"position\":2,\"name\":\"ACCUEIL Association Soli&rsquo;Pattounes Rh\u00f4ne-Alpes\",\"item\":\"https:\/\/solipattounes.fr\/\"},{\"@type\":\"ListItem\",\"position\":3,\"name\":\"Nous aider\",\"item\":\"https:\/\/solipattounes.fr\/index.php\/accueil-association-solipattounes-rhone-alpes\/nous-aider\/\"},{\"@type\":\"ListItem\",\"position\":4,\"name\":\"C&rsquo;est quoi \u00eatre une famille d&rsquo;accueil ?\"}]},{\"@type\":\"WebSite\",\"@id\":\"https:\/\/solipattounes.fr\/#website\",\"url\":\"https:\/\/solipattounes.fr\/\",\"name\":\"Association Solipattounes\",\"description\":\"Protection animale\",\"publisher\":{\"@id\":\"https:\/\/solipattounes.fr\/#organization\"},\"potentialAction\":[{\"@type\":\"SearchAction\",\"target\":{\"@type\":\"EntryPoint\",\"urlTemplate\":\"https:\/\/solipattounes.fr\/?s={search_term_string}\"},\"query-input\":{\"@type\":\"PropertyValueSpecification\",\"valueRequired\":true,\"valueName\":\"search_term_string\"}}],\"inLanguage\":\"fr-FR\"},{\"@type\":\"Organization\",\"@id\":\"https:\/\/solipattounes.fr\/#organization\",\"name\":\"Association Soli'Pattounes\",\"url\":\"https:\/\/solipattounes.fr\/\",\"logo\":{\"@type\":\"ImageObject\",\"inLanguage\":\"fr-FR\",\"@id\":\"https:\/\/solipattounes.fr\/#\/schema\/logo\/image\/\",\"url\":\"http:\/\/solipattounes.fr\/wp-content\/uploads\/2020\/07\/logo-7.png\",\"contentUrl\":\"http:\/\/solipattounes.fr\/wp-content\/uploads\/2020\/07\/logo-7.png\",\"width\":1656,\"height\":912,\"caption\":\"Association Soli'Pattounes\"},\"image\":{\"@id\":\"https:\/\/solipattounes.fr\/#\/schema\/logo\/image\/\"},\"sameAs\":[\"https:\/\/www.facebook.com\/Association-Solipattounes-110164150557024\",\"https:\/\/www.instagram.com\/solipattounes\/?hl=fr\",\"https:\/\/www.linkedin.com\/company\/association-soli-pattounes\/?originalSubdomain=fr\"]}]}<\/script>\n<!-- \/ Yoast SEO plugin. -->","yoast_head_json":{"title":"C'est quoi \u00eatre une famille d'accueil ? - Association Soli&#039;pattounes","robots":{"index":"index","follow":"follow","max-snippet":"max-snippet:-1","max-image-preview":"max-image-preview:large","max-video-preview":"max-video-preview:-1"},"canonical":"https:\/\/solipattounes.fr\/index.php\/accueil-association-solipattounes-rhone-alpes\/nous-aider\/devenir-famille-daccueil\/","og_locale":"fr_FR","og_type":"article","og_title":"C'est quoi \u00eatre une famille d'accueil ? - Association Soli&#039;pattounes","og_description":"Un chien, un chat, un chiot ou un chaton attend peut-\u00eatre, \u00e0 cet instant, que quelqu\u2019un lui tende la main. En devenant famille d\u2019accueil, vous devenez ce premier rep\u00e8re rassurant, ce cocon o\u00f9 il pourra souffler apr\u00e8s l\u2019abandon, retrouver confiance et attendre sereinement sa future famille pour la vie. Et ca implique quoi ? Votre [&hellip;]","og_url":"https:\/\/solipattounes.fr\/index.php\/accueil-association-solipattounes-rhone-alpes\/nous-aider\/devenir-famille-daccueil\/","og_site_name":"Association Soli&#039;pattounes","article_publisher":"https:\/\/www.facebook.com\/Association-Solipattounes-110164150557024","article_modified_time":"2025-08-28T20:46:56+00:00","og_image":[{"width":800,"height":600,"url":"https:\/\/solipattounes.fr\/wp-content\/uploads\/2025\/08\/CA-SUFFIT-1.jpg","type":"image\/jpeg"}],"twitter_card":"summary_large_image","twitter_misc":{"Dur\u00e9e de lecture estim\u00e9e":"3 minutes"},"schema":{"@context":"https:\/\/schema.org","@graph":[{"@type":"WebPage","@id":"https:\/\/solipattounes.fr\/index.php\/accueil-association-solipattounes-rhone-alpes\/nous-aider\/devenir-famille-daccueil\/","url":"https:\/\/solipattounes.fr\/index.php\/accueil-association-solipattounes-rhone-alpes\/nous-aider\/devenir-famille-daccueil\/","name":"C'est quoi \u00eatre une famille d'accueil ? - Association Soli&#039;pattounes","isPartOf":{"@id":"https:\/\/solipattounes.fr\/#website"},"primaryImageOfPage":{"@id":"https:\/\/solipattounes.fr\/index.php\/accueil-association-solipattounes-rhone-alpes\/nous-aider\/devenir-famille-daccueil\/#primaryimage"},"image":{"@id":"https:\/\/solipattounes.fr\/index.php\/accueil-association-solipattounes-rhone-alpes\/nous-aider\/devenir-famille-daccueil\/#primaryimage"},"thumbnailUrl":"https:\/\/solipattounes.fr\/wp-content\/uploads\/2025\/08\/CA-SUFFIT-1.jpg","datePublished":"2020-07-04T10:49:44+00:00","dateModified":"2025-08-28T20:46:56+00:00","breadcrumb":{"@id":"https:\/\/solipattounes.fr\/index.php\/accueil-association-solipattounes-rhone-alpes\/nous-aider\/devenir-famille-daccueil\/#breadcrumb"},"inLanguage":"fr-FR","potentialAction":[{"@type":"ReadAction","target":["https:\/\/solipattounes.fr\/index.php\/accueil-association-solipattounes-rhone-alpes\/nous-aider\/devenir-famille-daccueil\/"]}]},{"@type":"ImageObject","inLanguage":"fr-FR","@id":"https:\/\/solipattounes.fr\/index.php\/accueil-association-solipattounes-rhone-alpes\/nous-aider\/devenir-famille-daccueil\/#primaryimage","url":"https:\/\/solipattounes.fr\/wp-content\/uploads\/2025\/08\/CA-SUFFIT-1.jpg","contentUrl":"https:\/\/solipattounes.fr\/wp-content\/uploads\/2025\/08\/CA-SUFFIT-1.jpg","width":800,"height":600},{"@type":"BreadcrumbList","@id":"https:\/\/solipattounes.fr\/index.php\/accueil-association-solipattounes-rhone-alpes\/nous-aider\/devenir-famille-daccueil\/#breadcrumb","itemListElement":[{"@type":"ListItem","position":1,"name":"Accueil","item":"https:\/\/solipattounes.fr\/"},{"@type":"ListItem","position":2,"name":"ACCUEIL Association Soli&rsquo;Pattounes Rh\u00f4ne-Alpes","item":"https:\/\/solipattounes.fr\/"},{"@type":"ListItem","position":3,"name":"Nous aider","item":"https:\/\/solipattounes.fr\/index.php\/accueil-association-solipattounes-rhone-alpes\/nous-aider\/"},{"@type":"ListItem","position":4,"name":"C&rsquo;est quoi \u00eatre une famille d&rsquo;accueil ?"}]},{"@type":"WebSite","@id":"https:\/\/solipattounes.fr\/#website","url":"https:\/\/solipattounes.fr\/","name":"Association Solipattounes","description":"Protection animale","publisher":{"@id":"https:\/\/solipattounes.fr\/#organization"},"potentialAction":[{"@type":"SearchAction","target":{"@type":"EntryPoint","urlTemplate":"https:\/\/solipattounes.fr\/?s={search_term_string}"},"query-input":{"@type":"PropertyValueSpecification","valueRequired":true,"valueName":"search_term_string"}}],"inLanguage":"fr-FR"},{"@type":"Organization","@id":"https:\/\/solipattounes.fr\/#organization","name":"Association Soli'Pattounes","url":"https:\/\/solipattounes.fr\/","logo":{"@type":"ImageObject","inLanguage":"fr-FR","@id":"https:\/\/solipattounes.fr\/#\/schema\/logo\/image\/","url":"http:\/\/solipattounes.fr\/wp-content\/uploads\/2020\/07\/logo-7.png","contentUrl":"http:\/\/solipattounes.fr\/wp-content\/uploads\/2020\/07\/logo-7.png","width":1656,"height":912,"caption":"Association Soli'Pattounes"},"image":{"@id":"https:\/\/solipattounes.fr\/#\/schema\/logo\/image\/"},"sameAs":["https:\/\/www.facebook.com\/Association-Solipattounes-110164150557024","https:\/\/www.instagram.com\/solipattounes\/?hl=fr","https:\/\/www.linkedin.com\/company\/association-soli-pattounes\/?originalSubdomain=fr"]}]}},"_links":{"self":[{"href":"https:\/\/solipattounes.fr\/index.php\/wp-json\/wp\/v2\/pages\/56","targetHints":{"allow":["GET"]}}],"collection":[{"href":"https:\/\/solipattounes.fr\/index.php\/wp-json\/wp\/v2\/pages"}],"about":[{"href":"https:\/\/solipattounes.fr\/index.php\/wp-json\/wp\/v2\/types\/page"}],"author":[{"embeddable":true,"href":"https:\/\/solipattounes.fr\/index.php\/wp-json\/wp\/v2\/users\/1"}],"replies":[{"embeddable":true,"href":"https:\/\/solipattounes.fr\/index.php\/wp-json\/wp\/v2\/comments?post=56"}],"version-history":[{"count":28,"href":"https:\/\/solipattounes.fr\/index.php\/wp-json\/wp\/v2\/pages\/56\/revisions"}],"predecessor-version":[{"id":3099,"href":"https:\/\/solipattounes.fr\/index.php\/wp-json\/wp\/v2\/pages\/56\/revisions\/3099"}],"up":[{"embeddable":true,"href":"https:\/\/solipattounes.fr\/index.php\/wp-json\/wp\/v2\/pages\/130"}],"wp:attachment":[{"href":"https:\/\/solipattounes.fr\/index.php\/wp-json\/wp\/v2\/media?parent=56"}],"curies":[{"name":"wp","href":"https:\/\/api.w.org\/{rel}","templated":true}]}}