{"id":2,"date":"2020-07-03T11:04:20","date_gmt":"2020-07-03T09:04:20","guid":{"rendered":"http:\/\/solipattounes.fr\/?page_id=2"},"modified":"2025-08-26T19:06:36","modified_gmt":"2025-08-26T17:06:36","slug":"accueil-association-solipattounes-rhone-alpes","status":"publish","type":"page","link":"https:\/\/solipattounes.fr\/","title":{"rendered":"ACCUEIL Association Soli&rsquo;Pattounes Rh\u00f4ne-Alpes"},"content":{"rendered":"<p>Bienvenue sur le site web de l\u2019association Soli\u2019pattounes.<\/p>\n<p>Vous pouvez y retrouver toutes les informations nous concernant, les animaux \u00e0 l\u2019adoption, les nouvelles des adopt\u00e9s, comment adopter chez nous, ou encore les documents pour adopter votre coup de c\u0153ur et les documents pour nous rejoindre en tant que famille d\u2019accueil ou b\u00e9n\u00e9vole.<\/p>\n<p>Pour conna\u00eetre nos proc\u00e9dures d&rsquo;adoption c&rsquo;est par ici : <a style=\"color: #000000;\" href=\"https:\/\/solipattounes.fr\/index.php\/comment-ca-marche\/\">Comment \u00e7a marche<\/a><\/p>\n<p>Notre association est n\u00e9e d\u2019une envie d\u2019aider au possible les animaux dans le besoin ainsi que les personnes qui n\u2019ont plus le choix et souhaitent faire placer leur animaux par notre biais.<\/p>\n<p>Nous recueillons actuellement chats et chiens de tout \u00e2ges et nous accueillerons certains NACS suivant l\u2019\u00e9volution de l\u2019association.<\/p>\n<p>Soli\u2019pattounes est une association loi 1901 \u00e0 but non lucratif.<\/p>\n<p>Nous fonctionnons donc gr\u00e2ce aux dons, ( liens \u00e0 retrouver dans l\u2019onglet <a style=\"color: #000000;\" href=\"https:\/\/solipattounes.fr\/index.php\/page-d-exemple\/nous-aider\/\">\u00abnous aider\u00bb<\/a>).<\/p>\n<p>Notre action n\u2019est aussi possible que gr\u00e2ce \u00e0 l\u2019aide de Familles d\u2019accueil ou de b\u00e9n\u00e9voles, n\u2019h\u00e9sitez pas \u00e0 consulter l\u2019onglet <a style=\"color: #000000;\" href=\"https:\/\/solipattounes.fr\/index.php\/page-d-exemple\/nous-aider\/devenir-famille-daccueil\/\">\u00abnous aider\u00bb<\/a> si vous souhaiter nous rejoindre!<\/p>\n<p>Le si\u00e8ge de l\u2019association se trouve sur Primarette (38) mais nous avons un grand rayon d\u2019action dans la r\u00e9gion Rh\u00f4ne-Alpes (Vienne, Beaurepaire, Bourgoin-Jallieu, Lyon, Salaise, Beynost et plus encore) gr\u00e2ce \u00e0 nos v\u00e9t\u00e9rinaires partenaires et aux FA associ\u00e9es.<\/p>\n<p>Pour les adoptions, chaque animal disponible \u00e0 une fiche descriptive. Si vous correspondez \u00e0 l\u2019un d\u2019entre eux et craquez pour lui rendez vous donc dans la rubrique <a style=\"color: #000000;\" href=\"https:\/\/solipattounes.fr\/index.php\/formulaires\/\">\u00abformulaire\u00bb<\/a> pour remplir le formulaire adoptant \u00e0 nous renvoyer gr\u00e2ce \u00e0 l\u2019onglet <a style=\"color: #000000;\" href=\"https:\/\/solipattounes.fr\/index.php\/page-d-exemple\/contact\/\">\u00abcontact\u00bb<\/a>.<\/p>\n<p>Et pour tout autres question n\u2019h\u00e9sitez pas a nous envoyer un mail!<\/p>\n<p>Merci !<\/p>\n\n\n<pre class=\"wp-block-code\"><code><\/code><\/pre>\n\n\n\n<pre class=\"wp-block-code\"><code><\/code><\/pre>\n\n\n\n<p>xwcvfdgcx<\/p>\n\n\n\n<div class=\"wp-block-group alignfull has-ti-fg-color has-ti-bg-background-color has-text-color has-background has-link-color wp-elements-3e4230848fd810587a715c16d708e87d is-layout-constrained wp-container-core-group-is-layout-a7e69c77 wp-block-group-is-layout-constrained\" style=\"margin-top:0;margin-bottom:0;padding-top:var(--wp--preset--spacing--80);padding-right:var(--wp--preset--spacing--40);padding-bottom:var(--wp--preset--spacing--80);padding-left:var(--wp--preset--spacing--40)\">\n<div class=\"wp-block-columns is-layout-flex wp-container-core-columns-is-layout-28f84493 wp-block-columns-is-layout-flex\">\n<div class=\"wp-block-column is-vertically-aligned-center is-layout-flow wp-block-column-is-layout-flow\" style=\"flex-basis:100%\">\n<h2 class=\"wp-block-heading\">test<\/h2>\n\n\n\n<p>Nap time in sunbeam, tail wag in sleep\u2014dreaming of chasing squirrels. Ball thrown? Best day ever! Ball not thrown? Still best day ever, because hooman home.<\/p>\n\n\n\n<div class=\"wp-block-buttons is-content-justification-left is-layout-flex wp-container-core-buttons-is-layout-fc4fd283 wp-block-buttons-is-layout-flex\">\n<div class=\"wp-block-button\"><a class=\"wp-block-button__link wp-element-button\" style=\"border-style:none;border-width:0px\">Button Text<\/a><\/div>\n\n\n\n<div class=\"wp-block-button is-style-fill\"><a class=\"wp-block-button__link has-black-color has-ti-accent-secondary-background-color has-text-color has-background has-link-color wp-element-button\" style=\"border-style:none;border-width:0px\">Button Text<\/a><\/div>\n<\/div>\n<\/div>\n\n\n\n<div class=\"wp-block-column is-layout-flow wp-block-column-is-layout-flow\" style=\"flex-basis:100%\">\n<figure class=\"wp-block-image size-full has-custom-border\" style=\"margin-top:0px;margin-right:0px;margin-bottom:0px;margin-left:0px\"><img decoding=\"async\" src=\"https:\/\/solipattounes.fr\/wp-content\/themes\/non-profit-fse\/assets\/img\/non-profit-06.webp\" alt=\"\" class=\"wp-image-211\" style=\"border-right-color:var(--wp--preset--color--ti-accent);border-right-width:16px;border-left-style:none;border-left-width:0px\"\/><\/figure>\n<\/div>\n<\/div>\n<\/div>\n","protected":false},"excerpt":{"rendered":"<p>Bienvenue sur le site web de l\u2019association Soli\u2019pattounes. Vous pouvez y retrouver toutes les informations nous concernant, les animaux \u00e0 l\u2019adoption, les nouvelles des adopt\u00e9s, comment adopter chez nous, ou encore les documents pour adopter votre coup de c\u0153ur et les documents pour nous rejoindre en tant que famille d\u2019accueil ou b\u00e9n\u00e9vole. Pour conna\u00eetre nos [&hellip;]<\/p>\n","protected":false},"author":1,"featured_media":0,"parent":0,"menu_order":0,"comment_status":"closed","ping_status":"closed","template":"","meta":{"footnotes":""},"class_list":["post-2","page","type-page","status-publish","hentry"],"yoast_head":"<!-- This site is optimized with the Yoast SEO plugin v25.8 - https:\/\/yoast.com\/wordpress\/plugins\/seo\/ -->\n<title>Association Soli&#039;pattounes Protection animale<\/title>\n<meta name=\"description\" content=\"Association Soli&#039;Pattounes loi 1901 de protection animale oeuvrant dans le Rh\u00f4ne-Alpes pour chiens, chats, et NACS,\" \/>\n<meta name=\"robots\" content=\"index, follow, max-snippet:-1, max-image-preview:large, max-video-preview:-1\" \/>\n<link rel=\"canonical\" href=\"https:\/\/solipattounes.fr\/\" \/>\n<meta property=\"og:locale\" content=\"fr_FR\" \/>\n<meta property=\"og:type\" content=\"article\" \/>\n<meta property=\"og:title\" content=\"Association Soli&#039;pattounes Protection animale\" \/>\n<meta property=\"og:description\" content=\"Association Soli&#039;Pattounes loi 1901 de protection animale oeuvrant dans le Rh\u00f4ne-Alpes pour chiens, chats, et NACS,\" \/>\n<meta property=\"og:url\" content=\"https:\/\/solipattounes.fr\/\" \/>\n<meta property=\"og:site_name\" content=\"Association Soli&#039;pattounes\" \/>\n<meta property=\"article:publisher\" content=\"https:\/\/www.facebook.com\/Association-Solipattounes-110164150557024\" \/>\n<meta property=\"article:modified_time\" content=\"2025-08-26T17:06:36+00:00\" \/>\n<meta property=\"og:image\" content=\"https:\/\/solipattounes.fr\/wp-content\/uploads\/2020\/07\/logo-10.png\" \/>\n\t<meta property=\"og:image:width\" content=\"960\" \/>\n\t<meta property=\"og:image:height\" content=\"640\" \/>\n\t<meta property=\"og:image:type\" content=\"image\/png\" \/>\n<meta name=\"twitter:card\" content=\"summary_large_image\" \/>\n<meta name=\"twitter:label1\" content=\"Dur\u00e9e de lecture estim\u00e9e\" \/>\n\t<meta name=\"twitter:data1\" content=\"2 minutes\" \/>\n<script type=\"application\/ld+json\" class=\"yoast-schema-graph\">{\"@context\":\"https:\/\/schema.org\",\"@graph\":[{\"@type\":\"WebPage\",\"@id\":\"https:\/\/solipattounes.fr\/\",\"url\":\"https:\/\/solipattounes.fr\/\",\"name\":\"Association Soli&#039;pattounes Protection animale\",\"isPartOf\":{\"@id\":\"https:\/\/solipattounes.fr\/#website\"},\"primaryImageOfPage\":{\"@id\":\"https:\/\/solipattounes.fr\/#primaryimage\"},\"image\":{\"@id\":\"https:\/\/solipattounes.fr\/#primaryimage\"},\"thumbnailUrl\":\"https:\/\/solipattounes.fr\/wp-content\/themes\/non-profit-fse\/assets\/img\/non-profit-06.webp\",\"datePublished\":\"2020-07-03T09:04:20+00:00\",\"dateModified\":\"2025-08-26T17:06:36+00:00\",\"description\":\"Association Soli'Pattounes loi 1901 de protection animale oeuvrant dans le Rh\u00f4ne-Alpes pour chiens, chats, et NACS,\",\"breadcrumb\":{\"@id\":\"https:\/\/solipattounes.fr\/#breadcrumb\"},\"inLanguage\":\"fr-FR\",\"potentialAction\":[{\"@type\":\"ReadAction\",\"target\":[\"https:\/\/solipattounes.fr\/\"]}]},{\"@type\":\"ImageObject\",\"inLanguage\":\"fr-FR\",\"@id\":\"https:\/\/solipattounes.fr\/#primaryimage\",\"url\":\"\",\"contentUrl\":\"\"},{\"@type\":\"BreadcrumbList\",\"@id\":\"https:\/\/solipattounes.fr\/#breadcrumb\",\"itemListElement\":[{\"@type\":\"ListItem\",\"position\":1,\"name\":\"Accueil\",\"item\":\"https:\/\/solipattounes.fr\/\"},{\"@type\":\"ListItem\",\"position\":2,\"name\":\"ACCUEIL Association Soli&rsquo;Pattounes Rh\u00f4ne-Alpes\"}]},{\"@type\":\"WebSite\",\"@id\":\"https:\/\/solipattounes.fr\/#website\",\"url\":\"https:\/\/solipattounes.fr\/\",\"name\":\"Association Solipattounes\",\"description\":\"Protection animale\",\"publisher\":{\"@id\":\"https:\/\/solipattounes.fr\/#organization\"},\"potentialAction\":[{\"@type\":\"SearchAction\",\"target\":{\"@type\":\"EntryPoint\",\"urlTemplate\":\"https:\/\/solipattounes.fr\/?s={search_term_string}\"},\"query-input\":{\"@type\":\"PropertyValueSpecification\",\"valueRequired\":true,\"valueName\":\"search_term_string\"}}],\"inLanguage\":\"fr-FR\"},{\"@type\":\"Organization\",\"@id\":\"https:\/\/solipattounes.fr\/#organization\",\"name\":\"Association Soli'Pattounes\",\"url\":\"https:\/\/solipattounes.fr\/\",\"logo\":{\"@type\":\"ImageObject\",\"inLanguage\":\"fr-FR\",\"@id\":\"https:\/\/solipattounes.fr\/#\/schema\/logo\/image\/\",\"url\":\"http:\/\/solipattounes.fr\/wp-content\/uploads\/2020\/07\/logo-7.png\",\"contentUrl\":\"http:\/\/solipattounes.fr\/wp-content\/uploads\/2020\/07\/logo-7.png\",\"width\":1656,\"height\":912,\"caption\":\"Association Soli'Pattounes\"},\"image\":{\"@id\":\"https:\/\/solipattounes.fr\/#\/schema\/logo\/image\/\"},\"sameAs\":[\"https:\/\/www.facebook.com\/Association-Solipattounes-110164150557024\",\"https:\/\/www.instagram.com\/solipattounes\/?hl=fr\",\"https:\/\/www.linkedin.com\/company\/association-soli-pattounes\/?originalSubdomain=fr\"]}]}<\/script>\n<!-- \/ Yoast SEO plugin. -->","yoast_head_json":{"title":"Association Soli&#039;pattounes Protection animale","description":"Association Soli'Pattounes loi 1901 de protection animale oeuvrant dans le Rh\u00f4ne-Alpes pour chiens, chats, et NACS,","robots":{"index":"index","follow":"follow","max-snippet":"max-snippet:-1","max-image-preview":"max-image-preview:large","max-video-preview":"max-video-preview:-1"},"canonical":"https:\/\/solipattounes.fr\/","og_locale":"fr_FR","og_type":"article","og_title":"Association Soli&#039;pattounes Protection animale","og_description":"Association Soli'Pattounes loi 1901 de protection animale oeuvrant dans le Rh\u00f4ne-Alpes pour chiens, chats, et NACS,","og_url":"https:\/\/solipattounes.fr\/","og_site_name":"Association Soli&#039;pattounes","article_publisher":"https:\/\/www.facebook.com\/Association-Solipattounes-110164150557024","article_modified_time":"2025-08-26T17:06:36+00:00","og_image":[{"width":960,"height":640,"url":"https:\/\/solipattounes.fr\/wp-content\/uploads\/2020\/07\/logo-10.png","type":"image\/png"}],"twitter_card":"summary_large_image","twitter_misc":{"Dur\u00e9e de lecture estim\u00e9e":"2 minutes"},"schema":{"@context":"https:\/\/schema.org","@graph":[{"@type":"WebPage","@id":"https:\/\/solipattounes.fr\/","url":"https:\/\/solipattounes.fr\/","name":"Association Soli&#039;pattounes Protection animale","isPartOf":{"@id":"https:\/\/solipattounes.fr\/#website"},"primaryImageOfPage":{"@id":"https:\/\/solipattounes.fr\/#primaryimage"},"image":{"@id":"https:\/\/solipattounes.fr\/#primaryimage"},"thumbnailUrl":"https:\/\/solipattounes.fr\/wp-content\/themes\/non-profit-fse\/assets\/img\/non-profit-06.webp","datePublished":"2020-07-03T09:04:20+00:00","dateModified":"2025-08-26T17:06:36+00:00","description":"Association Soli'Pattounes loi 1901 de protection animale oeuvrant dans le Rh\u00f4ne-Alpes pour chiens, chats, et NACS,","breadcrumb":{"@id":"https:\/\/solipattounes.fr\/#breadcrumb"},"inLanguage":"fr-FR","potentialAction":[{"@type":"ReadAction","target":["https:\/\/solipattounes.fr\/"]}]},{"@type":"ImageObject","inLanguage":"fr-FR","@id":"https:\/\/solipattounes.fr\/#primaryimage","url":"","contentUrl":""},{"@type":"BreadcrumbList","@id":"https:\/\/solipattounes.fr\/#breadcrumb","itemListElement":[{"@type":"ListItem","position":1,"name":"Accueil","item":"https:\/\/solipattounes.fr\/"},{"@type":"ListItem","position":2,"name":"ACCUEIL Association Soli&rsquo;Pattounes Rh\u00f4ne-Alpes"}]},{"@type":"WebSite","@id":"https:\/\/solipattounes.fr\/#website","url":"https:\/\/solipattounes.fr\/","name":"Association Solipattounes","description":"Protection animale","publisher":{"@id":"https:\/\/solipattounes.fr\/#organization"},"potentialAction":[{"@type":"SearchAction","target":{"@type":"EntryPoint","urlTemplate":"https:\/\/solipattounes.fr\/?s={search_term_string}"},"query-input":{"@type":"PropertyValueSpecification","valueRequired":true,"valueName":"search_term_string"}}],"inLanguage":"fr-FR"},{"@type":"Organization","@id":"https:\/\/solipattounes.fr\/#organization","name":"Association Soli'Pattounes","url":"https:\/\/solipattounes.fr\/","logo":{"@type":"ImageObject","inLanguage":"fr-FR","@id":"https:\/\/solipattounes.fr\/#\/schema\/logo\/image\/","url":"http:\/\/solipattounes.fr\/wp-content\/uploads\/2020\/07\/logo-7.png","contentUrl":"http:\/\/solipattounes.fr\/wp-content\/uploads\/2020\/07\/logo-7.png","width":1656,"height":912,"caption":"Association Soli'Pattounes"},"image":{"@id":"https:\/\/solipattounes.fr\/#\/schema\/logo\/image\/"},"sameAs":["https:\/\/www.facebook.com\/Association-Solipattounes-110164150557024","https:\/\/www.instagram.com\/solipattounes\/?hl=fr","https:\/\/www.linkedin.com\/company\/association-soli-pattounes\/?originalSubdomain=fr"]}]}},"_links":{"self":[{"href":"https:\/\/solipattounes.fr\/index.php\/wp-json\/wp\/v2\/pages\/2","targetHints":{"allow":["GET"]}}],"collection":[{"href":"https:\/\/solipattounes.fr\/index.php\/wp-json\/wp\/v2\/pages"}],"about":[{"href":"https:\/\/solipattounes.fr\/index.php\/wp-json\/wp\/v2\/types\/page"}],"author":[{"embeddable":true,"href":"https:\/\/solipattounes.fr\/index.php\/wp-json\/wp\/v2\/users\/1"}],"replies":[{"embeddable":true,"href":"https:\/\/solipattounes.fr\/index.php\/wp-json\/wp\/v2\/comments?post=2"}],"version-history":[{"count":52,"href":"https:\/\/solipattounes.fr\/index.php\/wp-json\/wp\/v2\/pages\/2\/revisions"}],"predecessor-version":[{"id":2949,"href":"https:\/\/solipattounes.fr\/index.php\/wp-json\/wp\/v2\/pages\/2\/revisions\/2949"}],"wp:attachment":[{"href":"https:\/\/solipattounes.fr\/index.php\/wp-json\/wp\/v2\/media?parent=2"}],"curies":[{"name":"wp","href":"https:\/\/api.w.org\/{rel}","templated":true}]}}