{"id":108,"date":"2020-07-04T13:28:19","date_gmt":"2020-07-04T11:28:19","guid":{"rendered":"http:\/\/solipattounes.fr\/?page_id=108"},"modified":"2025-10-21T19:33:27","modified_gmt":"2025-10-21T17:33:27","slug":"qui-sommes-nous","status":"publish","type":"page","link":"https:\/\/solipattounes.fr\/index.php\/accueil-association-solipattounes-rhone-alpes\/qui-sommes-nous\/","title":{"rendered":"Qui somme nous ?"},"content":{"rendered":"\n<hr class=\"wp-block-separator has-css-opacity is-style-default\"\/>\n\n\n\n<figure class=\"wp-block-image aligncenter size-full is-resized is-style-rounded\"><img loading=\"lazy\" decoding=\"async\" width=\"956\" height=\"960\" src=\"https:\/\/solipattounes.fr\/wp-content\/uploads\/2025\/08\/f37baa70-aae2-4517-985b-ced68ade19c6.jpg\" alt=\"\" class=\"wp-image-3140\" style=\"width:150px;height:150px\" srcset=\"https:\/\/solipattounes.fr\/wp-content\/uploads\/2025\/08\/f37baa70-aae2-4517-985b-ced68ade19c6.jpg 956w, https:\/\/solipattounes.fr\/wp-content\/uploads\/2025\/08\/f37baa70-aae2-4517-985b-ced68ade19c6-300x300.jpg 300w, https:\/\/solipattounes.fr\/wp-content\/uploads\/2025\/08\/f37baa70-aae2-4517-985b-ced68ade19c6-150x150.jpg 150w, https:\/\/solipattounes.fr\/wp-content\/uploads\/2025\/08\/f37baa70-aae2-4517-985b-ced68ade19c6-768x771.jpg 768w\" sizes=\"auto, (max-width: 956px) 100vw, 956px\" \/><\/figure>\n\n\n\n<blockquote class=\"wp-block-quote has-text-align-center is-style-large has-custom-color-4-color has-text-color has-link-color wp-elements-6c042c0fc0acdd731a4801b9060c866e is-layout-flow wp-block-quote-is-layout-flow\">\n<p class=\"has-custom-color-3-color has-text-color has-link-color wp-elements-6a6c119462b423abf7e03406d444cc4d\">Gwendoline \u2013 Pr\u00e9sidente &#8211; Co fondatrice<\/p>\n<cite>Gwendoline g\u00e8re le Messenger de l\u2019association, s\u2019occupe des familles d\u2019accueil, de la gestion des prises en charge, distribue croquettes et liti\u00e8res, prend les appels des adoptants et r\u00e9alise les entretiens adoptants. Co-fondatrice passionn\u00e9e, elle est au service des animaux et de tous ceux qui les entourent.<\/cite><\/blockquote>\n\n\n\n<hr class=\"wp-block-separator has-css-opacity is-style-default\"\/>\n\n\n\n<figure class=\"wp-block-image aligncenter size-large is-resized is-style-rounded\"><img loading=\"lazy\" decoding=\"async\" width=\"1024\" height=\"956\" src=\"https:\/\/solipattounes.fr\/wp-content\/uploads\/2025\/08\/d36ce0f8-cd6d-41ed-b6c9-e00232054318-1-1024x956.jpg\" alt=\"\" class=\"wp-image-3141\" style=\"width:150px;height:150px\" srcset=\"https:\/\/solipattounes.fr\/wp-content\/uploads\/2025\/08\/d36ce0f8-cd6d-41ed-b6c9-e00232054318-1-1024x956.jpg 1024w, https:\/\/solipattounes.fr\/wp-content\/uploads\/2025\/08\/d36ce0f8-cd6d-41ed-b6c9-e00232054318-1-300x280.jpg 300w, https:\/\/solipattounes.fr\/wp-content\/uploads\/2025\/08\/d36ce0f8-cd6d-41ed-b6c9-e00232054318-1-768x717.jpg 768w, https:\/\/solipattounes.fr\/wp-content\/uploads\/2025\/08\/d36ce0f8-cd6d-41ed-b6c9-e00232054318-1-1536x1434.jpg 1536w, https:\/\/solipattounes.fr\/wp-content\/uploads\/2025\/08\/d36ce0f8-cd6d-41ed-b6c9-e00232054318-1.jpg 1538w\" sizes=\"auto, (max-width: 1024px) 100vw, 1024px\" \/><\/figure>\n\n\n\n<blockquote class=\"wp-block-quote has-text-align-center is-style-large has-custom-color-4-color has-text-color has-link-color wp-elements-6f2961239a2e1aa31b2ac95c5782fb27 is-layout-flow wp-block-quote-is-layout-flow\">\n<p class=\"has-custom-color-3-color has-text-color has-link-color wp-elements-9e40ef16b1e04176caf20df217c47e8d\">Florence \u2013 Vice-pr\u00e9sidente et Tr\u00e9sori\u00e8re &#8211; Co fondatrice<\/p>\n<cite>Florence s\u2019occupe des contrats, de la gestion des prises en charge, de la r\u00e9daction des annonces d\u2019adoption, de la comptabilit\u00e9 et des paiements, ainsi que de la maintenance et des publications du site internet. Co-fondatrice, elle s\u2019assure que tout roule pour que les animaux et les familles vivent une belle aventure ensemble.<\/cite><\/blockquote>\n\n\n\n<hr class=\"wp-block-separator has-css-opacity is-style-default\"\/>\n\n\n\n<h2 class=\"wp-block-heading has-text-align-right has-custom-color-4-color has-text-color has-link-color wp-elements-d21dc7694487c3637d7094c2b9512954\">Notre histoire<\/h2>\n\n\n\n<div class=\"wp-block-media-text is-stacked-on-mobile is-vertically-aligned-top has-custom-color-4-color has-ti-bg-alt-background-color has-text-color has-background has-link-color wp-elements-071ff5402b3bf6a4c431ac2b7c93f5ca\" style=\"grid-template-columns:44% auto\"><figure class=\"wp-block-media-text__media\"><img loading=\"lazy\" decoding=\"async\" width=\"760\" height=\"1024\" src=\"https:\/\/solipattounes.fr\/wp-content\/uploads\/2025\/08\/IMG_20230827_100747-760x1024.jpg\" alt=\"\" class=\"wp-image-3144 size-full\" srcset=\"https:\/\/solipattounes.fr\/wp-content\/uploads\/2025\/08\/IMG_20230827_100747-760x1024.jpg 760w, https:\/\/solipattounes.fr\/wp-content\/uploads\/2025\/08\/IMG_20230827_100747-223x300.jpg 223w, https:\/\/solipattounes.fr\/wp-content\/uploads\/2025\/08\/IMG_20230827_100747-768x1035.jpg 768w, https:\/\/solipattounes.fr\/wp-content\/uploads\/2025\/08\/IMG_20230827_100747-1140x1536.jpg 1140w, https:\/\/solipattounes.fr\/wp-content\/uploads\/2025\/08\/IMG_20230827_100747-1520x2048.jpg 1520w, https:\/\/solipattounes.fr\/wp-content\/uploads\/2025\/08\/IMG_20230827_100747-scaled.jpg 1900w\" sizes=\"auto, (max-width: 760px) 100vw, 760px\" \/><\/figure><div class=\"wp-block-media-text__content\">\n<p>Tout a commenc\u00e9 en janvier 2020, avec Gwendoline et Florence, deux meilleures amies folles d\u2019amour pour les poilus. Et oui\u2026 seulement deux mois avant le confinement ! La premi\u00e8re ann\u00e9e n\u2019a pas \u00e9t\u00e9 de tout repos, mais elle a jet\u00e9 les bases d\u2019une aventure qui continue de grandir et de sauver des vies.<\/p>\n\n\n\n<p>Notre association a pour mission d\u2019aider les petites boules de poils : qu\u2019ils soient abandonn\u00e9s, trouv\u00e9s errants, maltrait\u00e9s, ou simplement parce que vous ne pouvez plus vous en occuper. Chaque animal est pris en charge avec soin et confi\u00e9 \u00e0 une famille d\u2019accueil. Avant d\u2019\u00eatre adopt\u00e9, les loulous sont mis en r\u00e8gle : identification par puce, vaccination et st\u00e9rilisation d\u00e8s que l\u2019\u00e2ge le permet. Nous faisons tout pour qu\u2019ils soient en bonne sant\u00e9, entour\u00e9s d\u2019amour, et socialis\u00e9s avant de rejoindre leur famille pour la vie. Parce que les animaux ne sont pas des \u201cusines \u00e0 b\u00e9b\u00e9s\u201d, et que beaucoup trop finissent malheureusement dans des refuges, nous veillons \u00e0 ce qu\u2019ils aient toutes les chances de r\u00e9ussir leur nouvelle vie.<\/p>\n\n\n\n<p>Notre fonctionnement repose sur plusieurs acteurs indispensables. Nos v\u00e9t\u00e9rinaires partenaires sont au c\u0153ur de notre mission : sans eux, il serait impossible de prendre en charge les soins v\u00e9t\u00e9rinaires, qui repr\u00e9sentent 99 % des frais de l\u2019association. Leur soutien nous permet de proposer nos animaux \u00e0 l\u2019adoption \u00e0 des tarifs associatifs.<\/p>\n\n\n\n<p>Et puis, il y a nos familles d\u2019accueil et b\u00e9n\u00e9voles au grand c\u0153ur ! Certaines avaient d\u00e9j\u00e0 une longue exp\u00e9rience avec d\u2019autres associations, d\u2019autres ont commenc\u00e9 avec nous pour la premi\u00e8re fois. Beaucoup sont rest\u00e9es fid\u00e8les depuis des ann\u00e9es, m\u00eame apr\u00e8s des pauses li\u00e9es au travail, \u00e0 l\u2019arriv\u00e9e d\u2019un enfant ou \u00e0 d\u2019autres impr\u00e9vus. Sans elles, rien ne serait possible. Nous ne sommes pas un refuge classique : tous nos loulous sont accueillis en famille, comme \u00e0 la maison, entour\u00e9s de soins, de c\u00e2lins et de jeux jusqu\u2019\u00e0 ce qu\u2019ils trouvent leur foyer d\u00e9finitif.<\/p>\n<\/div><\/div>\n\n\n\n<h2 class=\"wp-block-heading has-text-align-right has-custom-color-4-color has-text-color has-link-color wp-elements-961a939f6bb824c8f3961027f38812e7\">On parle de nous..<\/h2>\n\n\n\n<figure class=\"wp-block-image alignwide size-large has-custom-border\"><img loading=\"lazy\" decoding=\"async\" width=\"1024\" height=\"768\" src=\"https:\/\/solipattounes.fr\/wp-content\/uploads\/2025\/08\/475110738_1152700932970002_6568026139691496567_n-1024x768.jpg\" alt=\"\" class=\"wp-image-3138\" style=\"border-radius:15px\" srcset=\"https:\/\/solipattounes.fr\/wp-content\/uploads\/2025\/08\/475110738_1152700932970002_6568026139691496567_n-1024x768.jpg 1024w, https:\/\/solipattounes.fr\/wp-content\/uploads\/2025\/08\/475110738_1152700932970002_6568026139691496567_n-300x225.jpg 300w, https:\/\/solipattounes.fr\/wp-content\/uploads\/2025\/08\/475110738_1152700932970002_6568026139691496567_n-768x576.jpg 768w, https:\/\/solipattounes.fr\/wp-content\/uploads\/2025\/08\/475110738_1152700932970002_6568026139691496567_n-1536x1152.jpg 1536w, https:\/\/solipattounes.fr\/wp-content\/uploads\/2025\/08\/475110738_1152700932970002_6568026139691496567_n.jpg 2048w\" sizes=\"auto, (max-width: 1024px) 100vw, 1024px\" \/><\/figure>\n","protected":false},"excerpt":{"rendered":"<p>Gwendoline \u2013 Pr\u00e9sidente &#8211; Co fondatrice Gwendoline g\u00e8re le Messenger de l\u2019association, s\u2019occupe des familles d\u2019accueil, de la gestion des prises en charge, distribue croquettes et liti\u00e8res, prend les appels des adoptants et r\u00e9alise les entretiens adoptants. Co-fondatrice passionn\u00e9e, elle est au service des animaux et de tous ceux qui les entourent. Florence \u2013 Vice-pr\u00e9sidente [&hellip;]<\/p>\n","protected":false},"author":1,"featured_media":0,"parent":2,"menu_order":0,"comment_status":"closed","ping_status":"closed","template":"","meta":{"footnotes":""},"class_list":["post-108","page","type-page","status-publish","hentry"],"yoast_head":"<!-- This site is optimized with the Yoast SEO plugin v25.8 - https:\/\/yoast.com\/wordpress\/plugins\/seo\/ -->\n<title>Qui somme nous ? - Association Soli&#039;pattounes<\/title>\n<meta name=\"robots\" content=\"index, follow, max-snippet:-1, max-image-preview:large, max-video-preview:-1\" \/>\n<link rel=\"canonical\" href=\"https:\/\/solipattounes.fr\/index.php\/accueil-association-solipattounes-rhone-alpes\/qui-sommes-nous\/\" \/>\n<meta property=\"og:locale\" content=\"fr_FR\" \/>\n<meta property=\"og:type\" content=\"article\" \/>\n<meta property=\"og:title\" content=\"Qui somme nous ? - Association Soli&#039;pattounes\" \/>\n<meta property=\"og:description\" content=\"Gwendoline \u2013 Pr\u00e9sidente &#8211; Co fondatrice Gwendoline g\u00e8re le Messenger de l\u2019association, s\u2019occupe des familles d\u2019accueil, de la gestion des prises en charge, distribue croquettes et liti\u00e8res, prend les appels des adoptants et r\u00e9alise les entretiens adoptants. Co-fondatrice passionn\u00e9e, elle est au service des animaux et de tous ceux qui les entourent. Florence \u2013 Vice-pr\u00e9sidente [&hellip;]\" \/>\n<meta property=\"og:url\" content=\"https:\/\/solipattounes.fr\/index.php\/accueil-association-solipattounes-rhone-alpes\/qui-sommes-nous\/\" \/>\n<meta property=\"og:site_name\" content=\"Association Soli&#039;pattounes\" \/>\n<meta property=\"article:publisher\" content=\"https:\/\/www.facebook.com\/Association-Solipattounes-110164150557024\" \/>\n<meta property=\"article:modified_time\" content=\"2025-10-21T17:33:27+00:00\" \/>\n<meta property=\"og:image\" content=\"https:\/\/solipattounes.fr\/wp-content\/uploads\/2025\/08\/f37baa70-aae2-4517-985b-ced68ade19c6.jpg\" \/>\n\t<meta property=\"og:image:width\" content=\"956\" \/>\n\t<meta property=\"og:image:height\" content=\"960\" \/>\n\t<meta property=\"og:image:type\" content=\"image\/jpeg\" \/>\n<meta name=\"twitter:card\" content=\"summary_large_image\" \/>\n<meta name=\"twitter:label1\" content=\"Dur\u00e9e de lecture estim\u00e9e\" \/>\n\t<meta name=\"twitter:data1\" content=\"3 minutes\" \/>\n<script type=\"application\/ld+json\" class=\"yoast-schema-graph\">{\"@context\":\"https:\/\/schema.org\",\"@graph\":[{\"@type\":\"WebPage\",\"@id\":\"https:\/\/solipattounes.fr\/index.php\/accueil-association-solipattounes-rhone-alpes\/qui-sommes-nous\/\",\"url\":\"https:\/\/solipattounes.fr\/index.php\/accueil-association-solipattounes-rhone-alpes\/qui-sommes-nous\/\",\"name\":\"Qui somme nous ? - Association Soli&#039;pattounes\",\"isPartOf\":{\"@id\":\"https:\/\/solipattounes.fr\/#website\"},\"primaryImageOfPage\":{\"@id\":\"https:\/\/solipattounes.fr\/index.php\/accueil-association-solipattounes-rhone-alpes\/qui-sommes-nous\/#primaryimage\"},\"image\":{\"@id\":\"https:\/\/solipattounes.fr\/index.php\/accueil-association-solipattounes-rhone-alpes\/qui-sommes-nous\/#primaryimage\"},\"thumbnailUrl\":\"https:\/\/solipattounes.fr\/wp-content\/uploads\/2025\/08\/f37baa70-aae2-4517-985b-ced68ade19c6.jpg\",\"datePublished\":\"2020-07-04T11:28:19+00:00\",\"dateModified\":\"2025-10-21T17:33:27+00:00\",\"breadcrumb\":{\"@id\":\"https:\/\/solipattounes.fr\/index.php\/accueil-association-solipattounes-rhone-alpes\/qui-sommes-nous\/#breadcrumb\"},\"inLanguage\":\"fr-FR\",\"potentialAction\":[{\"@type\":\"ReadAction\",\"target\":[\"https:\/\/solipattounes.fr\/index.php\/accueil-association-solipattounes-rhone-alpes\/qui-sommes-nous\/\"]}]},{\"@type\":\"ImageObject\",\"inLanguage\":\"fr-FR\",\"@id\":\"https:\/\/solipattounes.fr\/index.php\/accueil-association-solipattounes-rhone-alpes\/qui-sommes-nous\/#primaryimage\",\"url\":\"https:\/\/solipattounes.fr\/wp-content\/uploads\/2025\/08\/f37baa70-aae2-4517-985b-ced68ade19c6.jpg\",\"contentUrl\":\"https:\/\/solipattounes.fr\/wp-content\/uploads\/2025\/08\/f37baa70-aae2-4517-985b-ced68ade19c6.jpg\",\"width\":956,\"height\":960},{\"@type\":\"BreadcrumbList\",\"@id\":\"https:\/\/solipattounes.fr\/index.php\/accueil-association-solipattounes-rhone-alpes\/qui-sommes-nous\/#breadcrumb\",\"itemListElement\":[{\"@type\":\"ListItem\",\"position\":1,\"name\":\"Accueil\",\"item\":\"https:\/\/solipattounes.fr\/\"},{\"@type\":\"ListItem\",\"position\":2,\"name\":\"ACCUEIL Association Soli&rsquo;Pattounes Rh\u00f4ne-Alpes\",\"item\":\"https:\/\/solipattounes.fr\/\"},{\"@type\":\"ListItem\",\"position\":3,\"name\":\"Qui somme nous ?\"}]},{\"@type\":\"WebSite\",\"@id\":\"https:\/\/solipattounes.fr\/#website\",\"url\":\"https:\/\/solipattounes.fr\/\",\"name\":\"Association Solipattounes\",\"description\":\"Protection animale\",\"publisher\":{\"@id\":\"https:\/\/solipattounes.fr\/#organization\"},\"potentialAction\":[{\"@type\":\"SearchAction\",\"target\":{\"@type\":\"EntryPoint\",\"urlTemplate\":\"https:\/\/solipattounes.fr\/?s={search_term_string}\"},\"query-input\":{\"@type\":\"PropertyValueSpecification\",\"valueRequired\":true,\"valueName\":\"search_term_string\"}}],\"inLanguage\":\"fr-FR\"},{\"@type\":\"Organization\",\"@id\":\"https:\/\/solipattounes.fr\/#organization\",\"name\":\"Association Soli'Pattounes\",\"url\":\"https:\/\/solipattounes.fr\/\",\"logo\":{\"@type\":\"ImageObject\",\"inLanguage\":\"fr-FR\",\"@id\":\"https:\/\/solipattounes.fr\/#\/schema\/logo\/image\/\",\"url\":\"http:\/\/solipattounes.fr\/wp-content\/uploads\/2020\/07\/logo-7.png\",\"contentUrl\":\"http:\/\/solipattounes.fr\/wp-content\/uploads\/2020\/07\/logo-7.png\",\"width\":1656,\"height\":912,\"caption\":\"Association Soli'Pattounes\"},\"image\":{\"@id\":\"https:\/\/solipattounes.fr\/#\/schema\/logo\/image\/\"},\"sameAs\":[\"https:\/\/www.facebook.com\/Association-Solipattounes-110164150557024\",\"https:\/\/www.instagram.com\/solipattounes\/?hl=fr\",\"https:\/\/www.linkedin.com\/company\/association-soli-pattounes\/?originalSubdomain=fr\"]}]}<\/script>\n<!-- \/ Yoast SEO plugin. -->","yoast_head_json":{"title":"Qui somme nous ? - Association Soli&#039;pattounes","robots":{"index":"index","follow":"follow","max-snippet":"max-snippet:-1","max-image-preview":"max-image-preview:large","max-video-preview":"max-video-preview:-1"},"canonical":"https:\/\/solipattounes.fr\/index.php\/accueil-association-solipattounes-rhone-alpes\/qui-sommes-nous\/","og_locale":"fr_FR","og_type":"article","og_title":"Qui somme nous ? - Association Soli&#039;pattounes","og_description":"Gwendoline \u2013 Pr\u00e9sidente &#8211; Co fondatrice Gwendoline g\u00e8re le Messenger de l\u2019association, s\u2019occupe des familles d\u2019accueil, de la gestion des prises en charge, distribue croquettes et liti\u00e8res, prend les appels des adoptants et r\u00e9alise les entretiens adoptants. Co-fondatrice passionn\u00e9e, elle est au service des animaux et de tous ceux qui les entourent. Florence \u2013 Vice-pr\u00e9sidente [&hellip;]","og_url":"https:\/\/solipattounes.fr\/index.php\/accueil-association-solipattounes-rhone-alpes\/qui-sommes-nous\/","og_site_name":"Association Soli&#039;pattounes","article_publisher":"https:\/\/www.facebook.com\/Association-Solipattounes-110164150557024","article_modified_time":"2025-10-21T17:33:27+00:00","og_image":[{"width":956,"height":960,"url":"https:\/\/solipattounes.fr\/wp-content\/uploads\/2025\/08\/f37baa70-aae2-4517-985b-ced68ade19c6.jpg","type":"image\/jpeg"}],"twitter_card":"summary_large_image","twitter_misc":{"Dur\u00e9e de lecture estim\u00e9e":"3 minutes"},"schema":{"@context":"https:\/\/schema.org","@graph":[{"@type":"WebPage","@id":"https:\/\/solipattounes.fr\/index.php\/accueil-association-solipattounes-rhone-alpes\/qui-sommes-nous\/","url":"https:\/\/solipattounes.fr\/index.php\/accueil-association-solipattounes-rhone-alpes\/qui-sommes-nous\/","name":"Qui somme nous ? - Association Soli&#039;pattounes","isPartOf":{"@id":"https:\/\/solipattounes.fr\/#website"},"primaryImageOfPage":{"@id":"https:\/\/solipattounes.fr\/index.php\/accueil-association-solipattounes-rhone-alpes\/qui-sommes-nous\/#primaryimage"},"image":{"@id":"https:\/\/solipattounes.fr\/index.php\/accueil-association-solipattounes-rhone-alpes\/qui-sommes-nous\/#primaryimage"},"thumbnailUrl":"https:\/\/solipattounes.fr\/wp-content\/uploads\/2025\/08\/f37baa70-aae2-4517-985b-ced68ade19c6.jpg","datePublished":"2020-07-04T11:28:19+00:00","dateModified":"2025-10-21T17:33:27+00:00","breadcrumb":{"@id":"https:\/\/solipattounes.fr\/index.php\/accueil-association-solipattounes-rhone-alpes\/qui-sommes-nous\/#breadcrumb"},"inLanguage":"fr-FR","potentialAction":[{"@type":"ReadAction","target":["https:\/\/solipattounes.fr\/index.php\/accueil-association-solipattounes-rhone-alpes\/qui-sommes-nous\/"]}]},{"@type":"ImageObject","inLanguage":"fr-FR","@id":"https:\/\/solipattounes.fr\/index.php\/accueil-association-solipattounes-rhone-alpes\/qui-sommes-nous\/#primaryimage","url":"https:\/\/solipattounes.fr\/wp-content\/uploads\/2025\/08\/f37baa70-aae2-4517-985b-ced68ade19c6.jpg","contentUrl":"https:\/\/solipattounes.fr\/wp-content\/uploads\/2025\/08\/f37baa70-aae2-4517-985b-ced68ade19c6.jpg","width":956,"height":960},{"@type":"BreadcrumbList","@id":"https:\/\/solipattounes.fr\/index.php\/accueil-association-solipattounes-rhone-alpes\/qui-sommes-nous\/#breadcrumb","itemListElement":[{"@type":"ListItem","position":1,"name":"Accueil","item":"https:\/\/solipattounes.fr\/"},{"@type":"ListItem","position":2,"name":"ACCUEIL Association Soli&rsquo;Pattounes Rh\u00f4ne-Alpes","item":"https:\/\/solipattounes.fr\/"},{"@type":"ListItem","position":3,"name":"Qui somme nous ?"}]},{"@type":"WebSite","@id":"https:\/\/solipattounes.fr\/#website","url":"https:\/\/solipattounes.fr\/","name":"Association Solipattounes","description":"Protection animale","publisher":{"@id":"https:\/\/solipattounes.fr\/#organization"},"potentialAction":[{"@type":"SearchAction","target":{"@type":"EntryPoint","urlTemplate":"https:\/\/solipattounes.fr\/?s={search_term_string}"},"query-input":{"@type":"PropertyValueSpecification","valueRequired":true,"valueName":"search_term_string"}}],"inLanguage":"fr-FR"},{"@type":"Organization","@id":"https:\/\/solipattounes.fr\/#organization","name":"Association Soli'Pattounes","url":"https:\/\/solipattounes.fr\/","logo":{"@type":"ImageObject","inLanguage":"fr-FR","@id":"https:\/\/solipattounes.fr\/#\/schema\/logo\/image\/","url":"http:\/\/solipattounes.fr\/wp-content\/uploads\/2020\/07\/logo-7.png","contentUrl":"http:\/\/solipattounes.fr\/wp-content\/uploads\/2020\/07\/logo-7.png","width":1656,"height":912,"caption":"Association Soli'Pattounes"},"image":{"@id":"https:\/\/solipattounes.fr\/#\/schema\/logo\/image\/"},"sameAs":["https:\/\/www.facebook.com\/Association-Solipattounes-110164150557024","https:\/\/www.instagram.com\/solipattounes\/?hl=fr","https:\/\/www.linkedin.com\/company\/association-soli-pattounes\/?originalSubdomain=fr"]}]}},"_links":{"self":[{"href":"https:\/\/solipattounes.fr\/index.php\/wp-json\/wp\/v2\/pages\/108","targetHints":{"allow":["GET"]}}],"collection":[{"href":"https:\/\/solipattounes.fr\/index.php\/wp-json\/wp\/v2\/pages"}],"about":[{"href":"https:\/\/solipattounes.fr\/index.php\/wp-json\/wp\/v2\/types\/page"}],"author":[{"embeddable":true,"href":"https:\/\/solipattounes.fr\/index.php\/wp-json\/wp\/v2\/users\/1"}],"replies":[{"embeddable":true,"href":"https:\/\/solipattounes.fr\/index.php\/wp-json\/wp\/v2\/comments?post=108"}],"version-history":[{"count":20,"href":"https:\/\/solipattounes.fr\/index.php\/wp-json\/wp\/v2\/pages\/108\/revisions"}],"predecessor-version":[{"id":3161,"href":"https:\/\/solipattounes.fr\/index.php\/wp-json\/wp\/v2\/pages\/108\/revisions\/3161"}],"up":[{"embeddable":true,"href":"https:\/\/solipattounes.fr\/index.php\/wp-json\/wp\/v2\/pages\/2"}],"wp:attachment":[{"href":"https:\/\/solipattounes.fr\/index.php\/wp-json\/wp\/v2\/media?parent=108"}],"curies":[{"name":"wp","href":"https:\/\/api.w.org\/{rel}","templated":true}]}}